{"id":3324,"date":"2015-06-30T22:49:13","date_gmt":"2015-07-01T01:49:13","guid":{"rendered":"http:\/\/cepiweb.com.br\/i\/?page_id=3324"},"modified":"2015-07-01T20:09:48","modified_gmt":"2015-07-01T23:09:48","slug":"protecao-respiratoria","status":"publish","type":"page","link":"http:\/\/cepiweb.com.br\/i\/protecao-respiratoria\/","title":{"rendered":"Prote\u00e7\u00e3o Respirat\u00f3ria"},"content":{"rendered":"<p>\r\n\t\t\t\t\t\n\r\n\t\t\t\t\t<!-- START UNITE GALLERY 1.7.60 -->\r\n\t\t\t\t\t\r\n\t\t\t\t\n\t\t\t<div id='unitegallery_8_1' class='unite-gallery' style='margin:0px auto;'>\n\t\t\t\t\n\n\t\t\t\t\t\t<img alt=\"RESPIRADOR PFF2 CAMPER \/ TAYCO\"\n\t\t\t\t\t\t     src=\"\" data-image=\"http:\/\/cepiweb.com.br\/i\/wp-content\/uploads\/2015\/06\/respirador-PFF1-Tayco.png\"\n\t\t\t\t\t\t     data-thumb=\"http:\/\/cepiweb.com.br\/i\/wp-content\/uploads\/2015\/06\/respirador-PFF1-Tayco-278x300.png\"\n\t\t\t\t\t\t     title=\"\"\n\t\t\t\t\t\t     style=\"display:none\">\n\n\t\t\t\t\t\t<img alt=\"RESPIRADOR PFF2 VALVULADO CAMPER \/ TAYCO\"\n\t\t\t\t\t\t     src=\"\" data-image=\"http:\/\/cepiweb.com.br\/i\/wp-content\/uploads\/2015\/06\/respirador-PFF2-valvulado-Tayco.png\"\n\t\t\t\t\t\t     data-thumb=\"http:\/\/cepiweb.com.br\/i\/wp-content\/uploads\/2015\/06\/respirador-PFF2-valvulado-Tayco-270x300.png\"\n\t\t\t\t\t\t     title=\"\"\n\t\t\t\t\t\t     style=\"display:none\">\n\n\t\t\t\t\t\t<img alt=\"RESPIRADOR PFF2 CARV\u00c3O ATIVADO CAMPER\"\n\t\t\t\t\t\t     src=\"\" data-image=\"http:\/\/cepiweb.com.br\/i\/wp-content\/uploads\/2023\/05\/RESPIRADOR-PFF2-CARV\u00c3O-ATIVADO-CAMPER-pdf.jpg\"\n\t\t\t\t\t\t     data-thumb=\"http:\/\/cepiweb.com.br\/i\/wp-content\/uploads\/2023\/05\/RESPIRADOR-PFF2-CARV\u00c3O-ATIVADO-CAMPER-pdf-300x212.jpg\"\n\t\t\t\t\t\t     title=\"\"\n\t\t\t\t\t\t     style=\"display:none\">\n\n\t\t\t\t\t\t<img alt=\"RESPIRADOR SEMIFACIAL AIR SAN\"\n\t\t\t\t\t\t     src=\"\" data-image=\"http:\/\/cepiweb.com.br\/i\/wp-content\/uploads\/2015\/06\/respirador-semifacial-Air-San.jpg\"\n\t\t\t\t\t\t     data-thumb=\"http:\/\/cepiweb.com.br\/i\/wp-content\/uploads\/2015\/06\/respirador-semifacial-Air-San-293x300.jpg\"\n\t\t\t\t\t\t     title=\"\"\n\t\t\t\t\t\t     style=\"display:none\">\n\n\t\t\t\t\t\t<img alt=\"RESPIRADOR VERNA III\"\n\t\t\t\t\t\t     src=\"\" data-image=\"http:\/\/cepiweb.com.br\/i\/wp-content\/uploads\/2015\/06\/respirador-Verna-III.jpg\"\n\t\t\t\t\t\t     data-thumb=\"http:\/\/cepiweb.com.br\/i\/wp-content\/uploads\/2015\/06\/respirador-Verna-III-255x300.jpg\"\n\t\t\t\t\t\t     title=\"\"\n\t\t\t\t\t\t     style=\"display:none\">\n\n\t\t\t\t\t\t<img alt=\"RESPIRADOR SEMIFACIAL ABSOLUTE AIR SAFETY\"\n\t\t\t\t\t\t     src=\"\" data-image=\"http:\/\/cepiweb.com.br\/i\/wp-content\/uploads\/2023\/05\/RESPIRADOR-SEMIFACIAL-ABSOLUTE-AIR-SAFETY-pdf.jpg\"\n\t\t\t\t\t\t     data-thumb=\"http:\/\/cepiweb.com.br\/i\/wp-content\/uploads\/2023\/05\/RESPIRADOR-SEMIFACIAL-ABSOLUTE-AIR-SAFETY-pdf-300x212.jpg\"\n\t\t\t\t\t\t     title=\"\"\n\t\t\t\t\t\t     style=\"display:none\">\n\n\t\t\t\t\t\t<img alt=\"RESPIRADOR MSA\"\n\t\t\t\t\t\t     src=\"\" data-image=\"http:\/\/cepiweb.com.br\/i\/wp-content\/uploads\/2018\/03\/RESPIRADOR-MSA.jpg\"\n\t\t\t\t\t\t     data-thumb=\"http:\/\/cepiweb.com.br\/i\/wp-content\/uploads\/2018\/03\/RESPIRADOR-MSA-300x300.jpg\"\n\t\t\t\t\t\t     title=\"\"\n\t\t\t\t\t\t     style=\"display:none\">\n\n\t\t\t\t\t\t<img alt=\"RESPIRADOR SEMIFACIAL 3M 6200\"\n\t\t\t\t\t\t     src=\"\" data-image=\"http:\/\/cepiweb.com.br\/i\/wp-content\/uploads\/2015\/06\/respirador-semifacial-3M-6200.jpg\"\n\t\t\t\t\t\t     data-thumb=\"http:\/\/cepiweb.com.br\/i\/wp-content\/uploads\/2015\/06\/respirador-semifacial-3M-6200-300x300.jpg\"\n\t\t\t\t\t\t     title=\"\"\n\t\t\t\t\t\t     style=\"display:none\">\n\n\t\t\t\t\t\t<img alt=\"RESPIRADOR FULL FACE ABSOLUTE AIR SAFETY CONSULTE\"\n\t\t\t\t\t\t     src=\"\" data-image=\"http:\/\/cepiweb.com.br\/i\/wp-content\/uploads\/2015\/06\/xx-respirador-full-face-Absolute-Air-Safety-consulte.jpg\"\n\t\t\t\t\t\t     data-thumb=\"http:\/\/cepiweb.com.br\/i\/wp-content\/uploads\/2015\/06\/xx-respirador-full-face-Absolute-Air-Safety-consulte-274x300.jpg\"\n\t\t\t\t\t\t     title=\"\"\n\t\t\t\t\t\t     style=\"display:none\">\n\n\t\t\t\t\t\t<img alt=\"FILTROS AIR SAFETY\"\n\t\t\t\t\t\t     src=\"\" data-image=\"http:\/\/cepiweb.com.br\/i\/wp-content\/uploads\/2015\/06\/x-filtros-Air-Safety.jpg\"\n\t\t\t\t\t\t     data-thumb=\"http:\/\/cepiweb.com.br\/i\/wp-content\/uploads\/2015\/06\/x-filtros-Air-Safety-300x300.jpg\"\n\t\t\t\t\t\t     title=\"\"\n\t\t\t\t\t\t     style=\"display:none\">\n\n\t\t\t\t\t\t<img alt=\"CARTUCHOS MSA\"\n\t\t\t\t\t\t     src=\"\" data-image=\"http:\/\/cepiweb.com.br\/i\/wp-content\/uploads\/2018\/03\/CARTUCHOS-MSA.jpg\"\n\t\t\t\t\t\t     data-thumb=\"http:\/\/cepiweb.com.br\/i\/wp-content\/uploads\/2018\/03\/CARTUCHOS-MSA-300x300.jpg\"\n\t\t\t\t\t\t     title=\"\"\n\t\t\t\t\t\t     style=\"display:none\">\n\n\t\t\t\t\t\t<img alt=\"FILTROS 3 M S\u00c9RIE 6000 GA VO\"\n\t\t\t\t\t\t     src=\"\" data-image=\"http:\/\/cepiweb.com.br\/i\/wp-content\/uploads\/2015\/06\/x-filtros-3-M-s\u00e9rie-6000-GA-VO.jpg\"\n\t\t\t\t\t\t     data-thumb=\"http:\/\/cepiweb.com.br\/i\/wp-content\/uploads\/2015\/06\/x-filtros-3-M-s\u00e9rie-6000-GA-VO-300x300.jpg\"\n\t\t\t\t\t\t     title=\"\"\n\t\t\t\t\t\t     style=\"display:none\">\n\t\t\t<\/div>\n\n\t\t\t<script type='text\/javascript'>\n\t\t\t\twindow.onload = function(e) {\n\t\t\t\t\tif(typeof ugCheckForErrors == \"undefined\"){\n\t\t\t\t\t\tdocument.getElementById(\"unitegallery_8_1\").innerHTML = \"<span style='color:red'>Unite Gallery Error - gallery js and css files not included in the footer. Please make sure that wp_footer() function is added to your theme.<\/span>\";}\n\t\t\t\t\telse{ ugCheckForErrors(\"unitegallery_8_1\", \"jquery\");}\n\t\t\t\t};\n\t\t\t<\/script>\n\n\t\t\t<!-- END UNITEGALLERY --><\/p>\n","protected":false},"excerpt":{"rendered":"","protected":false},"author":1,"featured_media":0,"parent":0,"menu_order":0,"comment_status":"closed","ping_status":"closed","template":"","meta":[],"_links":{"self":[{"href":"http:\/\/cepiweb.com.br\/i\/wp-json\/wp\/v2\/pages\/3324"}],"collection":[{"href":"http:\/\/cepiweb.com.br\/i\/wp-json\/wp\/v2\/pages"}],"about":[{"href":"http:\/\/cepiweb.com.br\/i\/wp-json\/wp\/v2\/types\/page"}],"author":[{"embeddable":true,"href":"http:\/\/cepiweb.com.br\/i\/wp-json\/wp\/v2\/users\/1"}],"replies":[{"embeddable":true,"href":"http:\/\/cepiweb.com.br\/i\/wp-json\/wp\/v2\/comments?post=3324"}],"version-history":[{"count":2,"href":"http:\/\/cepiweb.com.br\/i\/wp-json\/wp\/v2\/pages\/3324\/revisions"}],"predecessor-version":[{"id":3358,"href":"http:\/\/cepiweb.com.br\/i\/wp-json\/wp\/v2\/pages\/3324\/revisions\/3358"}],"wp:attachment":[{"href":"http:\/\/cepiweb.com.br\/i\/wp-json\/wp\/v2\/media?parent=3324"}],"curies":[{"name":"wp","href":"https:\/\/api.w.org\/{rel}","templated":true}]}}