{"id":3322,"date":"2015-06-30T22:48:41","date_gmt":"2015-07-01T01:48:41","guid":{"rendered":"http:\/\/cepiweb.com.br\/i\/?page_id=3322"},"modified":"2015-07-01T20:09:43","modified_gmt":"2015-07-01T23:09:43","slug":"protecao-para-o-corpo-e-impermeaveis","status":"publish","type":"page","link":"http:\/\/cepiweb.com.br\/i\/protecao-para-o-corpo-e-impermeaveis\/","title":{"rendered":"Prote\u00e7\u00e3o para o Corpo e Imperme\u00e1veis"},"content":{"rendered":"<p>\r\n\t\t\t\t\t\n\r\n\t\t\t\t\t<!-- START UNITE GALLERY 1.7.60 -->\r\n\t\t\t\t\t\r\n\t\t\t\t\n\t\t\t<div id='unitegallery_7_1' class='unite-gallery' style='margin:0px auto;'>\n\t\t\t\t\n\n\t\t\t\t\t\t<img alt=\"AVENTAL EM PVC FORRADO OU TREVIRA BRANCO OU PRETO\"\n\t\t\t\t\t\t     src=\"\" data-image=\"http:\/\/cepiweb.com.br\/i\/wp-content\/uploads\/2015\/06\/avental-em-pvc-forrado-ou-trevira-branco-ou-preto.png\"\n\t\t\t\t\t\t     data-thumb=\"http:\/\/cepiweb.com.br\/i\/wp-content\/uploads\/2015\/06\/avental-em-pvc-forrado-ou-trevira-branco-ou-preto-265x300.png\"\n\t\t\t\t\t\t     title=\"\"\n\t\t\t\t\t\t     style=\"display:none\">\n\n\t\t\t\t\t\t<img alt=\"AVENTAL TREVIRA KP500\"\n\t\t\t\t\t\t     src=\"\" data-image=\"http:\/\/cepiweb.com.br\/i\/wp-content\/uploads\/2018\/03\/AVENTAL-TREVIRA-KP500.jpg\"\n\t\t\t\t\t\t     data-thumb=\"http:\/\/cepiweb.com.br\/i\/wp-content\/uploads\/2018\/03\/AVENTAL-TREVIRA-KP500-300x300.jpg\"\n\t\t\t\t\t\t     title=\"\"\n\t\t\t\t\t\t     style=\"display:none\">\n\n\t\t\t\t\t\t<img alt=\"AVENTAL TREVIRA PRETO LARANJA\"\n\t\t\t\t\t\t     src=\"\" data-image=\"http:\/\/cepiweb.com.br\/i\/wp-content\/uploads\/2015\/06\/avental-trevira-preto-laranja.jpg\"\n\t\t\t\t\t\t     data-thumb=\"http:\/\/cepiweb.com.br\/i\/wp-content\/uploads\/2015\/06\/avental-trevira-preto-laranja-245x300.jpg\"\n\t\t\t\t\t\t     title=\"\"\n\t\t\t\t\t\t     style=\"display:none\">\n\n\t\t\t\t\t\t<img alt=\"AVENTAL EM RASPA\"\n\t\t\t\t\t\t     src=\"\" data-image=\"http:\/\/cepiweb.com.br\/i\/wp-content\/uploads\/2015\/06\/1-avental-em-raspa.jpg\"\n\t\t\t\t\t\t     data-thumb=\"http:\/\/cepiweb.com.br\/i\/wp-content\/uploads\/2015\/06\/1-avental-em-raspa-300x240.jpg\"\n\t\t\t\t\t\t     title=\"\"\n\t\t\t\t\t\t     style=\"display:none\">\n\n\t\t\t\t\t\t<img alt=\"CAPA DE CHUVA EM PVC AMARELO FORRADO\"\n\t\t\t\t\t\t     src=\"\" data-image=\"http:\/\/cepiweb.com.br\/i\/wp-content\/uploads\/2015\/06\/capa-de-chuva-em-pvc-amarelo-forrado.jpg\"\n\t\t\t\t\t\t     data-thumb=\"http:\/\/cepiweb.com.br\/i\/wp-content\/uploads\/2015\/06\/capa-de-chuva-em-pvc-amarelo-forrado-300x300.jpg\"\n\t\t\t\t\t\t     title=\"\"\n\t\t\t\t\t\t     style=\"display:none\">\n\n\t\t\t\t\t\t<img alt=\"CAPA DE CHUVA EM PVC PRETA\"\n\t\t\t\t\t\t     src=\"\" data-image=\"http:\/\/cepiweb.com.br\/i\/wp-content\/uploads\/2018\/03\/CAPA-DE-CHUVA-TREVIRA-PRETA.jpg\"\n\t\t\t\t\t\t     data-thumb=\"http:\/\/cepiweb.com.br\/i\/wp-content\/uploads\/2018\/03\/CAPA-DE-CHUVA-TREVIRA-PRETA-300x300.jpg\"\n\t\t\t\t\t\t     title=\"\"\n\t\t\t\t\t\t     style=\"display:none\">\n\n\t\t\t\t\t\t<img alt=\"CONJUNTO EM PVC AMARELO FORRADO\"\n\t\t\t\t\t\t     src=\"\" data-image=\"http:\/\/cepiweb.com.br\/i\/wp-content\/uploads\/2015\/06\/conjunto-em-pvc-amarelo-forrado.jpg\"\n\t\t\t\t\t\t     data-thumb=\"http:\/\/cepiweb.com.br\/i\/wp-content\/uploads\/2015\/06\/conjunto-em-pvc-amarelo-forrado-300x300.jpg\"\n\t\t\t\t\t\t     title=\"\"\n\t\t\t\t\t\t     style=\"display:none\">\n\n\t\t\t\t\t\t<img alt=\"CONJUNTO MOTOQUEIRO EM PVC\"\n\t\t\t\t\t\t     src=\"\" data-image=\"http:\/\/cepiweb.com.br\/i\/wp-content\/uploads\/2015\/06\/conjunto-motoqueiro-em-pvc.jpg\"\n\t\t\t\t\t\t     data-thumb=\"http:\/\/cepiweb.com.br\/i\/wp-content\/uploads\/2015\/06\/conjunto-motoqueiro-em-pvc-300x225.jpg\"\n\t\t\t\t\t\t     title=\"\"\n\t\t\t\t\t\t     style=\"display:none\">\n\n\t\t\t\t\t\t<img alt=\"MACAC\u00c3O QU\u00cdMICO\"\n\t\t\t\t\t\t     src=\"\" data-image=\"http:\/\/cepiweb.com.br\/i\/wp-content\/uploads\/2015\/06\/macac\u00e3o-qu\u00edmico-.jpg\"\n\t\t\t\t\t\t     data-thumb=\"http:\/\/cepiweb.com.br\/i\/wp-content\/uploads\/2015\/06\/macac\u00e3o-qu\u00edmico--173x300.jpg\"\n\t\t\t\t\t\t     title=\"\"\n\t\t\t\t\t\t     style=\"display:none\">\n\n\t\t\t\t\t\t<img alt=\"AVENTAL TIPO BARBEIRO EM RASPA\"\n\t\t\t\t\t\t     src=\"\" data-image=\"http:\/\/cepiweb.com.br\/i\/wp-content\/uploads\/2015\/06\/2-avental-tipo-barbeiro-em-raspa.jpg\"\n\t\t\t\t\t\t     data-thumb=\"http:\/\/cepiweb.com.br\/i\/wp-content\/uploads\/2015\/06\/2-avental-tipo-barbeiro-em-raspa-300x240.jpg\"\n\t\t\t\t\t\t     title=\"\"\n\t\t\t\t\t\t     style=\"display:none\">\n\n\t\t\t\t\t\t<img alt=\"CINTA ERGONOMICA LOMBAR\"\n\t\t\t\t\t\t     src=\"\" data-image=\"http:\/\/cepiweb.com.br\/i\/wp-content\/uploads\/2023\/12\/CINTA-ERGONOMICA-pdf.jpg\"\n\t\t\t\t\t\t     data-thumb=\"http:\/\/cepiweb.com.br\/i\/wp-content\/uploads\/2023\/12\/CINTA-ERGONOMICA-pdf-212x300.jpg\"\n\t\t\t\t\t\t     title=\"\"\n\t\t\t\t\t\t     style=\"display:none\">\n\n\t\t\t\t\t\t<img alt=\"MANGOTE EM BRIM COM ELASTICO (SEM CA)\"\n\t\t\t\t\t\t     src=\"\" data-image=\"http:\/\/cepiweb.com.br\/i\/wp-content\/uploads\/2024\/11\/MANGOTE-EM-BRIM-COM-ELASTICO-pdf.jpg\"\n\t\t\t\t\t\t     data-thumb=\"http:\/\/cepiweb.com.br\/i\/wp-content\/uploads\/2024\/11\/MANGOTE-EM-BRIM-COM-ELASTICO-pdf-300x212.jpg\"\n\t\t\t\t\t\t     title=\"\"\n\t\t\t\t\t\t     style=\"display:none\">\n\t\t\t<\/div>\n\n\t\t\t<script type='text\/javascript'>\n\t\t\t\twindow.onload = function(e) {\n\t\t\t\t\tif(typeof ugCheckForErrors == \"undefined\"){\n\t\t\t\t\t\tdocument.getElementById(\"unitegallery_7_1\").innerHTML = \"<span style='color:red'>Unite Gallery Error - gallery js and css files not included in the footer. Please make sure that wp_footer() function is added to your theme.<\/span>\";}\n\t\t\t\t\telse{ ugCheckForErrors(\"unitegallery_7_1\", \"jquery\");}\n\t\t\t\t};\n\t\t\t<\/script>\n\n\t\t\t<!-- END UNITEGALLERY --><\/p>\n","protected":false},"excerpt":{"rendered":"","protected":false},"author":1,"featured_media":0,"parent":0,"menu_order":0,"comment_status":"closed","ping_status":"closed","template":"","meta":[],"_links":{"self":[{"href":"http:\/\/cepiweb.com.br\/i\/wp-json\/wp\/v2\/pages\/3322"}],"collection":[{"href":"http:\/\/cepiweb.com.br\/i\/wp-json\/wp\/v2\/pages"}],"about":[{"href":"http:\/\/cepiweb.com.br\/i\/wp-json\/wp\/v2\/types\/page"}],"author":[{"embeddable":true,"href":"http:\/\/cepiweb.com.br\/i\/wp-json\/wp\/v2\/users\/1"}],"replies":[{"embeddable":true,"href":"http:\/\/cepiweb.com.br\/i\/wp-json\/wp\/v2\/comments?post=3322"}],"version-history":[{"count":2,"href":"http:\/\/cepiweb.com.br\/i\/wp-json\/wp\/v2\/pages\/3322\/revisions"}],"predecessor-version":[{"id":3357,"href":"http:\/\/cepiweb.com.br\/i\/wp-json\/wp\/v2\/pages\/3322\/revisions\/3357"}],"wp:attachment":[{"href":"http:\/\/cepiweb.com.br\/i\/wp-json\/wp\/v2\/media?parent=3322"}],"curies":[{"name":"wp","href":"https:\/\/api.w.org\/{rel}","templated":true}]}}