{"id":3114,"date":"2015-06-10T18:50:07","date_gmt":"2015-06-10T21:50:07","guid":{"rendered":"http:\/\/cepiweb.com.br\/i\/?page_id=3114"},"modified":"2015-07-08T23:45:06","modified_gmt":"2015-07-09T02:45:06","slug":"empresa","status":"publish","type":"page","link":"http:\/\/cepiweb.com.br\/i\/empresa\/","title":{"rendered":"Empresa"},"content":{"rendered":"<p>A CEPI atua no mercado de distribui\u00e7\u00e3o de equipamentos de prote\u00e7\u00e3o individual, oferecendo atendimento diferenciado e personalizado. Possui ampla variedade de produtos, provenientes dos mais conceituados fabricantes, visando atender completamente as necessidades de seus clientes em todos os segmentos, independentemente de seu porte.<br \/>\nCom pre\u00e7os competitivos e agilidade na entrega, busca as melhores solu\u00e7\u00f5es para sua empresa, colaborando para a otimiza\u00e7\u00e3o de seus custos.<\/p>\n<p>Nossa equipe n\u00e3o apenas vende, mas presta servi\u00e7os &#8211; e da melhor qualidade. Nossa miss\u00e3o, valores, objetivos, etc. se resumem no pleno atendimento de nossos clientes, para que cada qual se dedique apenas \u00e0quilo que se prop\u00f5em em seu segmento: p r o d u z i r !<\/p>\n<p>Tamb\u00e9m atendemos com pronta entrega, no balc\u00e3o em nossa loja f\u00edsica, facilitando solu\u00e7\u00f5es, inclusive em casos de emerg\u00eancias.<\/p>\n<p>Todos os Equipamentos de Prote\u00e7\u00e3o Individuais (EPI\u00b4s) distribu\u00eddos pela CEPI possuem Certificado de Aprova\u00e7\u00e3o (C.A.) v\u00e1lido, emitido pelo Minist\u00e9rio do Trabalho e Emprego (M.T.E).<\/p>\n<p><strong>Servi\u00e7os<\/strong><\/p>\n<p>Fornecemos para empresas, a indica\u00e7\u00e3o de:<br \/>\n<span style=\"color: #fcc71f;\"><span class=\"icon-container\"><span class=\"fa fa-check-square-o\"><\/span><\/span><\/span>profissionais para avalia\u00e7\u00e3o de trabalhos em altura (NR-35),<br \/>\n<span style=\"color: #fcc71f;\"><span class=\"icon-container\"><span class=\"fa fa-check-square-o\"><\/span><\/span><\/span>servi\u00e7os com eletricidade (NR-10),<br \/>\n<span style=\"color: #fcc71f;\"><span class=\"icon-container\"><span class=\"fa fa-check-square-o\"><\/span><\/span><\/span>PPRA, PCMSO, etc,- consulte nossos cadastros.<\/p>\n<p><strong>ISO<\/strong><\/p>\n<p>A CEPI atende todos os requisitos para empresas com ISO 9000 ou 14000<\/p>\n<p><strong>Uniformes<\/strong><\/p>\n<p>Fornecemos uniformes personalizados com logomarca ou tema de sua empresa.<br \/>\nConsulte-nos para maiores detalhes.<\/p>\n<p><strong>Clientes<\/strong><\/p>\n<p>Nossa cartela de clientes \u00e9 a maior prova da qualidade de nossos servi\u00e7os. Entre em contato com a <strong>CEPI<\/strong> e fa\u00e7a parte desta parceria.<\/p>\n","protected":false},"excerpt":{"rendered":"<p>A CEPI atua no mercado de distribui\u00e7\u00e3o de equipamentos de prote\u00e7\u00e3o individual, oferecendo atendimento diferenciado e personalizado. Possui ampla variedade de produtos, provenientes dos mais conceituados fabricantes, visando atender completamente as necessidades de seus clientes em todos os segmentos, independentemente de seu porte. Com pre\u00e7os competitivos e agilidade na entrega, busca as melhores solu\u00e7\u00f5es para &hellip;<\/p>\n","protected":false},"author":1,"featured_media":0,"parent":0,"menu_order":0,"comment_status":"closed","ping_status":"closed","template":"","meta":[],"_links":{"self":[{"href":"http:\/\/cepiweb.com.br\/i\/wp-json\/wp\/v2\/pages\/3114"}],"collection":[{"href":"http:\/\/cepiweb.com.br\/i\/wp-json\/wp\/v2\/pages"}],"about":[{"href":"http:\/\/cepiweb.com.br\/i\/wp-json\/wp\/v2\/types\/page"}],"author":[{"embeddable":true,"href":"http:\/\/cepiweb.com.br\/i\/wp-json\/wp\/v2\/users\/1"}],"replies":[{"embeddable":true,"href":"http:\/\/cepiweb.com.br\/i\/wp-json\/wp\/v2\/comments?post=3114"}],"version-history":[{"count":4,"href":"http:\/\/cepiweb.com.br\/i\/wp-json\/wp\/v2\/pages\/3114\/revisions"}],"predecessor-version":[{"id":3503,"href":"http:\/\/cepiweb.com.br\/i\/wp-json\/wp\/v2\/pages\/3114\/revisions\/3503"}],"wp:attachment":[{"href":"http:\/\/cepiweb.com.br\/i\/wp-json\/wp\/v2\/media?parent=3114"}],"curies":[{"name":"wp","href":"https:\/\/api.w.org\/{rel}","templated":true}]}}